{"id":1460,"date":"2018-08-02T01:58:44","date_gmt":"2018-08-01T22:58:44","guid":{"rendered":"http:\/\/ulunakliyat.com.tr\/?page_id=1460"},"modified":"2018-08-02T21:48:55","modified_gmt":"2018-08-02T18:48:55","slug":"canli-cicek-tasimaciligi","status":"publish","type":"page","link":"http:\/\/ulunakliyat.com.tr\/index.php\/canli-cicek-tasimaciligi\/","title":{"rendered":"CANLI \u00c7\u0130\u00c7EK TA\u015eIMACILI\u011eI"},"content":{"rendered":"<div class=\"wpb-content-wrapper\"><p>[vc_row][vc_column width=&#8221;1\/3&#8243;][\/vc_column][vc_column width=&#8221;1\/3&#8243;][vc_custom_heading text=&#8221;CANLI \u00c7\u0130\u00c7EK TA\u015eIMACILI\u011eI&#8221; font_container=&#8221;tag:h2|text_align:center&#8221; google_fonts=&#8221;font_family:Titillium%20Web%3A200%2C200italic%2C300%2C300italic%2Cregular%2Citalic%2C600%2C600italic%2C700%2C700italic%2C900|font_style:400%20regular%3A400%3Anormal&#8221;][\/vc_column][vc_column width=&#8221;1\/3&#8243;][\/vc_column][\/vc_row][vc_row][vc_column][vc_separator border_width=&#8221;2&#8243;][\/vc_column][\/vc_row][vc_row][vc_column][vc_images_carousel images=&#8221;1485,1483,1484,1476,1477,1480,1475,1478&#8243; img_size=&#8221;large&#8221; speed=&#8221;3000&#8243; slides_per_view=&#8221;3&#8243; autoplay=&#8221;yes&#8221; wrap=&#8221;yes&#8221;][\/vc_column][\/vc_row][vc_row][vc_column][vc_separator border_width=&#8221;2&#8243;][\/vc_column][\/vc_row][vc_row][vc_column][vc_column_text]<strong>COOL\u00a0\u00a0+15oC ile +18oC<\/strong> hassas derecelendirme sistemine haiz olan \u00fcr\u00fcnlerin ta\u015f\u0131nmas\u0131 i\u00e7in kullan\u0131lan y\u00f6ntem bi\u00e7imidir. Cool Frigofirik ta\u015f\u0131ma y\u00f6ntemimiz ile <strong>\u00e7anl\u0131 \u00e7i\u00e7ek<\/strong>, \u00e7ikolata ve \u00fcr\u00fcnleri, unlu mam\u00fcller, yumurta ve yumurta t\u00fcrevleri i\u00e7in so\u011fuk ta\u015f\u0131ma lojisti\u011fi hizmeti veriyoruz. Listede ad\u0131 ge\u00e7en \u00fcr\u00fcnler d\u0131\u015f\u0131nda, ilgili s\u0131cakl\u0131k grubunda ta\u015f\u0131nmas\u0131 gereken \u00fcr\u00fcnleriniz i\u00e7in \u00e7\u00f6z\u00fcmler \u00fcretiyoruz.[\/vc_column_text][\/vc_column][\/vc_row][vc_row][vc_column][vc_separator border_width=&#8221;2&#8243;][\/vc_column][\/vc_row]<\/p>\n<\/div>","protected":false},"excerpt":{"rendered":"<p>[vc_row][vc_column width=&#8221;1\/3&#8243;][\/vc_column][vc_column width=&#8221;1\/3&#8243;][vc_custom_heading text=&#8221;CANLI \u00c7\u0130\u00c7EK TA\u015eIMACILI\u011eI&#8221; font_container=&#8221;tag:h2|text_align:center&#8221; google_fonts=&#8221;font_family:Titillium%20Web%3A200%2C200italic%2C300%2C300italic%2Cregular%2Citalic%2C600%2C600italic%2C700%2C700italic%2C900|font_style:400%20regular%3A400%3Anormal&#8221;][\/vc_column][vc_column width=&#8221;1\/3&#8243;][\/vc_column][\/vc_row][vc_row][vc_column][vc_separator border_width=&#8221;2&#8243;][\/vc_column][\/vc_row][vc_row][vc_column][vc_images_carousel images=&#8221;1485,1483,1484,1476,1477,1480,1475,1478&#8243; img_size=&#8221;large&#8221; speed=&#8221;3000&#8243; slides_per_view=&#8221;3&#8243; autoplay=&#8221;yes&#8221; wrap=&#8221;yes&#8221;][\/vc_column][\/vc_row][vc_row][vc_column][vc_separator border_width=&#8221;2&#8243;][\/vc_column][\/vc_row][vc_row][vc_column][vc_column_text]COOL\u00a0\u00a0+15oC ile +18oC hassas derecelendirme sistemine haiz olan \u00fcr\u00fcnlerin ta\u015f\u0131nmas\u0131 i\u00e7in kullan\u0131lan y\u00f6ntem bi\u00e7imidir. Cool Frigofirik ta\u015f\u0131ma y\u00f6ntemimiz ile \u00e7anl\u0131 \u00e7i\u00e7ek, \u00e7ikolata ve \u00fcr\u00fcnleri, unlu mam\u00fcller, yumurta ve yumurta t\u00fcrevleri i\u00e7in so\u011fuk ta\u015f\u0131ma lojisti\u011fi hizmeti veriyoruz. Listede ad\u0131 ge\u00e7en [&hellip;]<\/p>\n","protected":false},"author":1,"featured_media":0,"parent":0,"menu_order":0,"comment_status":"closed","ping_status":"closed","template":"","meta":{"footnotes":""},"class_list":["post-1460","page","type-page","status-publish","hentry"],"_links":{"self":[{"href":"http:\/\/ulunakliyat.com.tr\/index.php\/wp-json\/wp\/v2\/pages\/1460","targetHints":{"allow":["GET"]}}],"collection":[{"href":"http:\/\/ulunakliyat.com.tr\/index.php\/wp-json\/wp\/v2\/pages"}],"about":[{"href":"http:\/\/ulunakliyat.com.tr\/index.php\/wp-json\/wp\/v2\/types\/page"}],"author":[{"embeddable":true,"href":"http:\/\/ulunakliyat.com.tr\/index.php\/wp-json\/wp\/v2\/users\/1"}],"replies":[{"embeddable":true,"href":"http:\/\/ulunakliyat.com.tr\/index.php\/wp-json\/wp\/v2\/comments?post=1460"}],"version-history":[{"count":4,"href":"http:\/\/ulunakliyat.com.tr\/index.php\/wp-json\/wp\/v2\/pages\/1460\/revisions"}],"predecessor-version":[{"id":1487,"href":"http:\/\/ulunakliyat.com.tr\/index.php\/wp-json\/wp\/v2\/pages\/1460\/revisions\/1487"}],"wp:attachment":[{"href":"http:\/\/ulunakliyat.com.tr\/index.php\/wp-json\/wp\/v2\/media?parent=1460"}],"curies":[{"name":"wp","href":"https:\/\/api.w.org\/{rel}","templated":true}]}}