{"id":1351,"date":"2018-07-29T23:24:47","date_gmt":"2018-07-29T20:24:47","guid":{"rendered":"http:\/\/ulunakliyat.com.tr\/?page_id=1351"},"modified":"2018-11-07T16:42:30","modified_gmt":"2018-11-07T13:42:30","slug":"personelimiz","status":"publish","type":"page","link":"http:\/\/ulunakliyat.com.tr\/index.php\/personelimiz\/","title":{"rendered":"PERSONEL\u0130M\u0130Z"},"content":{"rendered":"<div class=\"wpb-content-wrapper\"><p>[vc_row][vc_column width=&#8221;1\/3&#8243;][\/vc_column][vc_column width=&#8221;1\/3&#8243;][\/vc_column][vc_column width=&#8221;1\/3&#8243;][vc_column_text]<\/p>\n<p style=\"text-align: center;\"><strong><img loading=\"lazy\" decoding=\"async\" class=\"alignnone size-full wp-image-1592\" src=\"http:\/\/www.keskinkartal.com\/wp-content\/uploads\/2018\/07\/Nacikeskinsn.jpg\" alt=\"\" width=\"200\" height=\"266\" \/><\/strong><\/p>\n<p style=\"text-align: center;\">(Merhum Kurucumuz)<strong>\u00a0\u00a0<\/strong><strong>Naci\u00a0\u00a0KESK\u0130N<\/strong><\/p>\n<p>[\/vc_column_text][\/vc_column][\/vc_row][vc_row][vc_column][vc_custom_heading text=&#8221;PERSONEL\u0130M\u0130Z&#8221; font_container=&#8221;tag:h6|text_align:center&#8221; google_fonts=&#8221;font_family:Titillium%20Web%3A200%2C200italic%2C300%2C300italic%2Cregular%2Citalic%2C600%2C600italic%2C700%2C700italic%2C900|font_style:400%20regular%3A400%3Anormal&#8221;][\/vc_column][\/vc_row][vc_row][vc_column][vc_separator border_width=&#8221;2&#8243;][\/vc_column][\/vc_row][vc_row][vc_column width=&#8221;1\/3&#8243;][\/vc_column][vc_column width=&#8221;1\/3&#8243;][vc_column_text]<\/p>\n<p style=\"text-align: center;\"><img loading=\"lazy\" decoding=\"async\" class=\"alignnone size-medium wp-image-1664\" src=\"http:\/\/turkcozum.com\/keskinkartal\/wp-content\/uploads\/2018\/07\/ks-necati-230x300.jpeg\" alt=\"\" width=\"230\" height=\"300\" \/><\/p>\n<p style=\"text-align: center;\"><b>Necati \u00d6ZMEN<\/b><br \/>\n\u015eirket M\u00fcd\u00fcr\u00fc<br \/>\n<a href=\"necati@ulunakliyat.com.tr\">necati@ulunakliyat.com.tr<\/a><\/p>\n<p>[\/vc_column_text][\/vc_column][vc_column width=&#8221;1\/3&#8243;][\/vc_column][\/vc_row][vc_row][vc_column width=&#8221;1\/2&#8243;][vc_column_text]<\/p>\n<p style=\"text-align: center;\"><img loading=\"lazy\" decoding=\"async\" class=\"size-medium wp-image-1441 aligncenter\" src=\"http:\/\/ulunakliyat.com.tr\/wp-content\/uploads\/2018\/07\/WhatsApp-Image-2018-07-26-at-10.21.56-238x300.jpeg\" alt=\"\" width=\"238\" height=\"300\" \/><\/p>\n<p style=\"text-align: center;\"><strong>Seda ARABACI<\/strong><br \/>\nOperasyon ve Kalite Y\u00f6netim Temsilcisi<br \/>\n<a href=\"infoulu@ulunakliyat.com.tr\">infoulu@ulunakliyat.com.tr<\/a><\/p>\n<p>[\/vc_column_text][\/vc_column][vc_column width=&#8221;1\/2&#8243;][vc_column_text]<\/p>\n<p style=\"text-align: center;\"><img loading=\"lazy\" decoding=\"async\" class=\"alignnone size-medium wp-image-1666\" src=\"http:\/\/turkcozum.com\/keskinkartal\/wp-content\/uploads\/2018\/07\/ks-sedat-227x300.jpeg\" alt=\"\" width=\"227\" height=\"300\" \/><\/p>\n<p style=\"text-align: center;\"><strong>Sedat UYGUR<\/strong><br \/>\n\u0130nsan Kaynaklar\u0131 ve E\u011fitim Sorumlusu<br \/>\n<a href=\"sedatuygur@ulunakliyat.com.tr\">sedatuygur@ulunakliyat.com.tr<\/a><\/p>\n<p>[\/vc_column_text][\/vc_column][\/vc_row][vc_row][vc_column][vc_separator border_width=&#8221;2&#8243;][\/vc_column][\/vc_row]<\/p>\n<\/div>","protected":false},"excerpt":{"rendered":"<p>[vc_row][vc_column width=&#8221;1\/3&#8243;][\/vc_column][vc_column width=&#8221;1\/3&#8243;][\/vc_column][vc_column width=&#8221;1\/3&#8243;][vc_column_text] (Merhum Kurucumuz)\u00a0\u00a0Naci\u00a0\u00a0KESK\u0130N [\/vc_column_text][\/vc_column][\/vc_row][vc_row][vc_column][vc_custom_heading text=&#8221;PERSONEL\u0130M\u0130Z&#8221; font_container=&#8221;tag:h6|text_align:center&#8221; google_fonts=&#8221;font_family:Titillium%20Web%3A200%2C200italic%2C300%2C300italic%2Cregular%2Citalic%2C600%2C600italic%2C700%2C700italic%2C900|font_style:400%20regular%3A400%3Anormal&#8221;][\/vc_column][\/vc_row][vc_row][vc_column][vc_separator border_width=&#8221;2&#8243;][\/vc_column][\/vc_row][vc_row][vc_column width=&#8221;1\/3&#8243;][\/vc_column][vc_column width=&#8221;1\/3&#8243;][vc_column_text] Necati \u00d6ZMEN \u015eirket M\u00fcd\u00fcr\u00fc necati@ulunakliyat.com.tr [\/vc_column_text][\/vc_column][vc_column width=&#8221;1\/3&#8243;][\/vc_column][\/vc_row][vc_row][vc_column width=&#8221;1\/2&#8243;][vc_column_text] Seda ARABACI Operasyon ve Kalite Y\u00f6netim Temsilcisi infoulu@ulunakliyat.com.tr [\/vc_column_text][\/vc_column][vc_column width=&#8221;1\/2&#8243;][vc_column_text] Sedat UYGUR \u0130nsan Kaynaklar\u0131 ve E\u011fitim Sorumlusu sedatuygur@ulunakliyat.com.tr [\/vc_column_text][\/vc_column][\/vc_row][vc_row][vc_column][vc_separator border_width=&#8221;2&#8243;][\/vc_column][\/vc_row]<\/p>\n","protected":false},"author":1,"featured_media":0,"parent":0,"menu_order":0,"comment_status":"closed","ping_status":"closed","template":"","meta":{"footnotes":""},"class_list":["post-1351","page","type-page","status-publish","hentry"],"_links":{"self":[{"href":"http:\/\/ulunakliyat.com.tr\/index.php\/wp-json\/wp\/v2\/pages\/1351","targetHints":{"allow":["GET"]}}],"collection":[{"href":"http:\/\/ulunakliyat.com.tr\/index.php\/wp-json\/wp\/v2\/pages"}],"about":[{"href":"http:\/\/ulunakliyat.com.tr\/index.php\/wp-json\/wp\/v2\/types\/page"}],"author":[{"embeddable":true,"href":"http:\/\/ulunakliyat.com.tr\/index.php\/wp-json\/wp\/v2\/users\/1"}],"replies":[{"embeddable":true,"href":"http:\/\/ulunakliyat.com.tr\/index.php\/wp-json\/wp\/v2\/comments?post=1351"}],"version-history":[{"count":7,"href":"http:\/\/ulunakliyat.com.tr\/index.php\/wp-json\/wp\/v2\/pages\/1351\/revisions"}],"predecessor-version":[{"id":1665,"href":"http:\/\/ulunakliyat.com.tr\/index.php\/wp-json\/wp\/v2\/pages\/1351\/revisions\/1665"}],"wp:attachment":[{"href":"http:\/\/ulunakliyat.com.tr\/index.php\/wp-json\/wp\/v2\/media?parent=1351"}],"curies":[{"name":"wp","href":"https:\/\/api.w.org\/{rel}","templated":true}]}}