{"id":1350,"date":"2018-07-29T23:24:47","date_gmt":"2018-07-29T20:24:47","guid":{"rendered":"http:\/\/ulunakliyat.com.tr\/?page_id=1350"},"modified":"2018-08-06T02:03:05","modified_gmt":"2018-08-05T23:03:05","slug":"hakkimizda","status":"publish","type":"page","link":"http:\/\/ulunakliyat.com.tr\/index.php\/hakkimizda\/","title":{"rendered":"HAKKIMIZDA"},"content":{"rendered":"<div class=\"wpb-content-wrapper\"><p>[vc_row][vc_column][vc_empty_space height=&#8221;12px&#8221;][vc_separator border_width=&#8221;2&#8243;][vc_empty_space height=&#8221;22px&#8221;][\/vc_column][\/vc_row][vc_row][vc_column width=&#8221;2\/3&#8243;][vc_column_text]<\/p>\n<h3 style=\"color: #21293c; font-size: 18px; line-height: 27px; font-weight: 400;\">\u00a02000 Y\u0131l\u0131nda Bolu&#8217;da kurulan firmam\u0131z Ya\u015f Meyve Sebze, Donmu\u015f G\u0131da ve Kuru Y\u00fck ta\u015f\u0131mac\u0131l\u0131\u011f\u0131 konusunda uzmanla\u015fm\u0131\u015ft\u0131r. Yeni hizmetlerimize<strong> ila\u00e7- pharma ta\u015f\u0131mac\u0131l\u0131\u011f\u0131 ve canl\u0131 \u00e7i\u00e7ek<\/strong> ta\u015f\u0131mac\u0131l\u0131\u011f\u0131 da eklenmi\u015ftir.<\/h3>\n<h3 style=\"color: #21293c; font-size: 18px; line-height: 27px; font-weight: 400;\">Deneyimli ve e\u011fitimli kadrosu ile \u00e7a\u011f\u0131n ko\u015fullar\u0131na g\u00f6re yenilenen, modernize edilen filosu sayesinde her ge\u00e7en g\u00fcn b\u00fcy\u00fcyen firmam\u0131z 25 adet&#8217;lik ara\u00e7 filosu ile, etkili ve yetkin ta\u015f\u0131mac\u0131l\u0131\u011f\u0131n yeni adresi olmay\u0131 ba\u015farm\u0131\u015ft\u0131r.<\/h3>\n<h3 style=\"color: #21293c; font-size: 18px; line-height: 27px; font-weight: 400;\">Bundan sonra da ayn\u0131 ilkelerle hizmetine devam eden firmam\u0131z, M\u00fc\u015fterileri odakl\u0131, H\u0131zl\u0131, Kaliteli ve G\u00fcvenli bir \u015fekilde hizmet etmeye devam edecektir. \u00c7a\u011f\u0131m\u0131z\u0131n gerektirdi\u011fi teknolojiyi b\u00fcnyesinde bulunduran firmam\u0131z UND \u00fcyesidir.<\/h3>\n<h3 style=\"color: #21293c; font-size: 18px; line-height: 27px; font-weight: 400;\"><strong>Hizmet Sekt\u00f6r\u00fc Kalite Standard\u0131n\u0131n gerektirdi\u011fi \u0130SO 9001 &#8211; \u0130SO 39001 VE GDP Sertifikalar\u0131na sahibiz.<\/strong><\/h3>\n<p>[\/vc_column_text][\/vc_column][vc_column width=&#8221;1\/3&#8243;][vc_column_text]<\/p>\n<p style=\"text-align: center;\"><strong><img loading=\"lazy\" decoding=\"async\" class=\"alignnone size-full wp-image-1601\" src=\"http:\/\/www.keskinkartal.com\/wp-content\/uploads\/2018\/07\/SedatKeskinks.jpg\" alt=\"\" width=\"150\" height=\"198\" \/><\/strong><\/p>\n<p style=\"text-align: center;\"><strong>Sedat Keskin<\/strong><\/p>\n<p style=\"text-align: center;\"><b>\u015eirket M\u00fcd\u00fcr\u00fc<\/b><\/p>\n<p>[\/vc_column_text][\/vc_column][\/vc_row][vc_row][vc_column][vc_empty_space height=&#8221;22px&#8221;][vc_separator border_width=&#8221;2&#8243;][\/vc_column][\/vc_row]<\/p>\n<\/div>","protected":false},"excerpt":{"rendered":"<p>[vc_row][vc_column][vc_empty_space height=&#8221;12px&#8221;][vc_separator border_width=&#8221;2&#8243;][vc_empty_space height=&#8221;22px&#8221;][\/vc_column][\/vc_row][vc_row][vc_column width=&#8221;2\/3&#8243;][vc_column_text] \u00a02000 Y\u0131l\u0131nda Bolu&#8217;da kurulan firmam\u0131z Ya\u015f Meyve Sebze, Donmu\u015f G\u0131da ve Kuru Y\u00fck ta\u015f\u0131mac\u0131l\u0131\u011f\u0131 konusunda uzmanla\u015fm\u0131\u015ft\u0131r. Yeni hizmetlerimize ila\u00e7- pharma ta\u015f\u0131mac\u0131l\u0131\u011f\u0131 ve canl\u0131 \u00e7i\u00e7ek ta\u015f\u0131mac\u0131l\u0131\u011f\u0131 da eklenmi\u015ftir. Deneyimli ve e\u011fitimli kadrosu ile \u00e7a\u011f\u0131n ko\u015fullar\u0131na g\u00f6re yenilenen, modernize edilen filosu sayesinde her ge\u00e7en g\u00fcn b\u00fcy\u00fcyen firmam\u0131z 25 adet&#8217;lik ara\u00e7 filosu ile, [&hellip;]<\/p>\n","protected":false},"author":1,"featured_media":0,"parent":0,"menu_order":0,"comment_status":"closed","ping_status":"closed","template":"","meta":{"footnotes":""},"class_list":["post-1350","page","type-page","status-publish","hentry"],"_links":{"self":[{"href":"http:\/\/ulunakliyat.com.tr\/index.php\/wp-json\/wp\/v2\/pages\/1350","targetHints":{"allow":["GET"]}}],"collection":[{"href":"http:\/\/ulunakliyat.com.tr\/index.php\/wp-json\/wp\/v2\/pages"}],"about":[{"href":"http:\/\/ulunakliyat.com.tr\/index.php\/wp-json\/wp\/v2\/types\/page"}],"author":[{"embeddable":true,"href":"http:\/\/ulunakliyat.com.tr\/index.php\/wp-json\/wp\/v2\/users\/1"}],"replies":[{"embeddable":true,"href":"http:\/\/ulunakliyat.com.tr\/index.php\/wp-json\/wp\/v2\/comments?post=1350"}],"version-history":[{"count":6,"href":"http:\/\/ulunakliyat.com.tr\/index.php\/wp-json\/wp\/v2\/pages\/1350\/revisions"}],"predecessor-version":[{"id":1600,"href":"http:\/\/ulunakliyat.com.tr\/index.php\/wp-json\/wp\/v2\/pages\/1350\/revisions\/1600"}],"wp:attachment":[{"href":"http:\/\/ulunakliyat.com.tr\/index.php\/wp-json\/wp\/v2\/media?parent=1350"}],"curies":[{"name":"wp","href":"https:\/\/api.w.org\/{rel}","templated":true}]}}