{"id":1349,"date":"2018-07-29T23:24:47","date_gmt":"2018-07-29T20:24:47","guid":{"rendered":"http:\/\/ulunakliyat.com.tr\/?page_id=1349"},"modified":"2018-10-05T13:57:57","modified_gmt":"2018-10-05T10:57:57","slug":"iletisim","status":"publish","type":"page","link":"http:\/\/ulunakliyat.com.tr\/index.php\/iletisim\/","title":{"rendered":"\u0130LET\u0130\u015e\u0130M"},"content":{"rendered":"<div class=\"wpb-content-wrapper\"><p>[vc_row][vc_column width=&#8221;2\/3&#8243;][vc_column_text]<\/p>\n<p class=\"yazi\"><strong>ULU Uluslararas\u0131 Nakliyat Taah.ve Tic.A.\u015e.<br \/>\nULU ULUSLARARASI International Transport<\/strong><\/p>\n<p class=\"yazi\"><strong class=\"belirleme\">Merkez<\/strong><br \/>\nAkta\u015f Mahallesi \u00d6ney Sokak U\u011fur \u0130\u015fhan\u0131 No:6 Kat:2<br \/>\n14100 BOLU \/ T\u00dcRK\u0130YE \/ TURKEY<\/p>\n<p class=\"yazi\">+90 374\u00a0 215 37 67 Pbx.<br \/>\n+90 374\u00a0 215 88 81 Fax<\/p>\n<p class=\"yazi\"><strong>TIR PARKI:<\/strong><\/p>\n<p>A\u015fa\u011f\u0131soku Mah. Sanayi Sitesi Yayla Sok. No:56<\/p>\n<p>14100 BOLU \/ T\u00dcRK\u0130YE \/ TURKEY[\/vc_column_text][\/vc_column][vc_column width=&#8221;1\/3&#8243;][vc_single_image image=&#8221;1595&#8243; img_size=&#8221;medium&#8221;][\/vc_column][\/vc_row][vc_row][vc_column width=&#8221;1\/2&#8243;][vc_custom_heading text=&#8221;ULU NAKL\u0130YAT OF\u0130S:&#8221; font_container=&#8221;tag:h4|text_align:left|color:%23000000&#8243; google_fonts=&#8221;font_family:Titillium%20Web%3A200%2C200italic%2C300%2C300italic%2Cregular%2Citalic%2C600%2C600italic%2C700%2C700italic%2C900|font_style:400%20regular%3A400%3Anormal&#8221;][vc_column_text]<\/p>\n<table border=\"0\" width=\"882\" cellspacing=\"0\" cellpadding=\"0\">\n<tbody>\n<tr>\n<td><iframe loading=\"lazy\" src=\"https:\/\/www.google.com\/maps\/embed?pb=!1m18!1m12!1m3!1d1601.5752599969612!2d31.607926855260796!3d40.73185087241927!2m3!1f0!2f0!3f0!3m2!1i1024!2i768!4f13.1!3m3!1m2!1s0x409d3f6b196006f1%3A0xb2bbfba77c2d138!2zS2Vza2luIEthcnRhbCBVbHVzbGFyYXJhc8SxIFRhxZ_EsW1hY8SxbMSxaw!5e0!3m2!1str!2str!4v1493023509521\" width=\"700\" height=\"350\" frameborder=\"0\" allowfullscreen=\"allowfullscreen\" data-mce-fragment=\"1\"><\/iframe><\/td>\n<\/tr>\n<\/tbody>\n<\/table>\n<p>[\/vc_column_text][\/vc_column][vc_column width=&#8221;1\/2&#8243;][vc_custom_heading text=&#8221;ULU NAKL\u0130YAT TIR PARKI&#8221; font_container=&#8221;tag:h4|text_align:left|color:%23000000&#8243; google_fonts=&#8221;font_family:Titillium%20Web%3A200%2C200italic%2C300%2C300italic%2Cregular%2Citalic%2C600%2C600italic%2C700%2C700italic%2C900|font_style:400%20regular%3A400%3Anormal&#8221;][vc_column_text]<\/p>\n<table border=\"0\" width=\"882\" cellspacing=\"0\" cellpadding=\"0\">\n<tbody>\n<tr>\n<td><iframe loading=\"lazy\" style=\"border: 0;\" src=\"https:\/\/www.google.com\/maps\/embed?pb=!1m18!1m12!1m3!1d1271.0777653161679!2d31.62745428418985!3d40.736737017605776!2m3!1f0!2f0!3f0!3m2!1i1024!2i768!4f13.1!3m3!1m2!1s0x0%3A0x5b5ca8a131d85782!2sKeskin+Kartal+Lojistik!5e0!3m2!1str!2str!4v1532116361897\" width=\"700\" height=\"350\" frameborder=\"0\" allowfullscreen=\"allowfullscreen\"><\/iframe><\/td>\n<\/tr>\n<\/tbody>\n<\/table>\n<p>[\/vc_column_text][\/vc_column][\/vc_row][vc_row][vc_column][vc_separator border_width=&#8221;2&#8243;][\/vc_column][\/vc_row]<\/p>\n<\/div>","protected":false},"excerpt":{"rendered":"<p>[vc_row][vc_column width=&#8221;2\/3&#8243;][vc_column_text] ULU Uluslararas\u0131 Nakliyat Taah.ve Tic.A.\u015e. ULU ULUSLARARASI International Transport Merkez Akta\u015f Mahallesi \u00d6ney Sokak U\u011fur \u0130\u015fhan\u0131 No:6 Kat:2 14100 BOLU \/ T\u00dcRK\u0130YE \/ TURKEY +90 374\u00a0 215 37 67 Pbx. +90 374\u00a0 215 88 81 Fax TIR PARKI: A\u015fa\u011f\u0131soku Mah. Sanayi Sitesi Yayla Sok. No:56 14100 BOLU \/ T\u00dcRK\u0130YE \/ TURKEY[\/vc_column_text][\/vc_column][vc_column width=&#8221;1\/3&#8243;][vc_single_image image=&#8221;1595&#8243; [&hellip;]<\/p>\n","protected":false},"author":1,"featured_media":0,"parent":0,"menu_order":0,"comment_status":"closed","ping_status":"closed","template":"","meta":{"footnotes":""},"class_list":["post-1349","page","type-page","status-publish","hentry"],"_links":{"self":[{"href":"http:\/\/ulunakliyat.com.tr\/index.php\/wp-json\/wp\/v2\/pages\/1349","targetHints":{"allow":["GET"]}}],"collection":[{"href":"http:\/\/ulunakliyat.com.tr\/index.php\/wp-json\/wp\/v2\/pages"}],"about":[{"href":"http:\/\/ulunakliyat.com.tr\/index.php\/wp-json\/wp\/v2\/types\/page"}],"author":[{"embeddable":true,"href":"http:\/\/ulunakliyat.com.tr\/index.php\/wp-json\/wp\/v2\/users\/1"}],"replies":[{"embeddable":true,"href":"http:\/\/ulunakliyat.com.tr\/index.php\/wp-json\/wp\/v2\/comments?post=1349"}],"version-history":[{"count":5,"href":"http:\/\/ulunakliyat.com.tr\/index.php\/wp-json\/wp\/v2\/pages\/1349\/revisions"}],"predecessor-version":[{"id":1627,"href":"http:\/\/ulunakliyat.com.tr\/index.php\/wp-json\/wp\/v2\/pages\/1349\/revisions\/1627"}],"wp:attachment":[{"href":"http:\/\/ulunakliyat.com.tr\/index.php\/wp-json\/wp\/v2\/media?parent=1349"}],"curies":[{"name":"wp","href":"https:\/\/api.w.org\/{rel}","templated":true}]}}