{"id":1348,"date":"2018-07-29T23:24:47","date_gmt":"2018-07-29T20:24:47","guid":{"rendered":"http:\/\/ulunakliyat.com.tr\/?page_id=1348"},"modified":"2018-07-30T23:27:06","modified_gmt":"2018-07-30T20:27:06","slug":"kalite-politikamiz","status":"publish","type":"page","link":"http:\/\/ulunakliyat.com.tr\/index.php\/kalite-politikamiz\/","title":{"rendered":"KAL\u0130TE POL\u0130T\u0130KAMIZ"},"content":{"rendered":"<div class=\"wpb-content-wrapper\"><p>[vc_row][vc_column][vc_images_carousel images=&#8221;1437,1438,1439&#8243; img_size=&#8221;full&#8221; slides_per_view=&#8221;3&#8243;][\/vc_column][\/vc_row][vc_row][vc_column][vc_images_carousel images=&#8221;1412&#8243; img_size=&#8221;full&#8221; hide_pagination_control=&#8221;yes&#8221; hide_prev_next_buttons=&#8221;yes&#8221;][\/vc_column][\/vc_row]<\/p>\n<\/div>","protected":false},"excerpt":{"rendered":"<p>[vc_row][vc_column][vc_images_carousel images=&#8221;1437,1438,1439&#8243; img_size=&#8221;full&#8221; slides_per_view=&#8221;3&#8243;][\/vc_column][\/vc_row][vc_row][vc_column][vc_images_carousel images=&#8221;1412&#8243; img_size=&#8221;full&#8221; hide_pagination_control=&#8221;yes&#8221; hide_prev_next_buttons=&#8221;yes&#8221;][\/vc_column][\/vc_row]<\/p>\n","protected":false},"author":1,"featured_media":0,"parent":0,"menu_order":0,"comment_status":"closed","ping_status":"closed","template":"","meta":{"footnotes":""},"class_list":["post-1348","page","type-page","status-publish","hentry"],"_links":{"self":[{"href":"http:\/\/ulunakliyat.com.tr\/index.php\/wp-json\/wp\/v2\/pages\/1348","targetHints":{"allow":["GET"]}}],"collection":[{"href":"http:\/\/ulunakliyat.com.tr\/index.php\/wp-json\/wp\/v2\/pages"}],"about":[{"href":"http:\/\/ulunakliyat.com.tr\/index.php\/wp-json\/wp\/v2\/types\/page"}],"author":[{"embeddable":true,"href":"http:\/\/ulunakliyat.com.tr\/index.php\/wp-json\/wp\/v2\/users\/1"}],"replies":[{"embeddable":true,"href":"http:\/\/ulunakliyat.com.tr\/index.php\/wp-json\/wp\/v2\/comments?post=1348"}],"version-history":[{"count":5,"href":"http:\/\/ulunakliyat.com.tr\/index.php\/wp-json\/wp\/v2\/pages\/1348\/revisions"}],"predecessor-version":[{"id":1440,"href":"http:\/\/ulunakliyat.com.tr\/index.php\/wp-json\/wp\/v2\/pages\/1348\/revisions\/1440"}],"wp:attachment":[{"href":"http:\/\/ulunakliyat.com.tr\/index.php\/wp-json\/wp\/v2\/media?parent=1348"}],"curies":[{"name":"wp","href":"https:\/\/api.w.org\/{rel}","templated":true}]}}