{"id":1347,"date":"2018-07-29T23:24:47","date_gmt":"2018-07-29T20:24:47","guid":{"rendered":"http:\/\/ulunakliyat.com.tr\/?page_id=1347"},"modified":"2018-07-30T00:06:24","modified_gmt":"2018-07-29T21:06:24","slug":"cevre","status":"publish","type":"page","link":"http:\/\/ulunakliyat.com.tr\/index.php\/cevre\/","title":{"rendered":"\u00c7EVRE"},"content":{"rendered":"<div class=\"wpb-content-wrapper\"><p>[vc_row][vc_column][vc_separator border_width=&#8221;2&#8243;][\/vc_column][\/vc_row][vc_row][vc_column width=&#8221;5\/6&#8243;][vc_column_text]<\/p>\n<h3 style=\"color: #21293c; font-size: 18px; line-height: 27px; font-weight: 400;\"><strong>YA\u015eANAB\u0130L\u0130R B\u0130R \u00c7EVRE \u0130\u00c7\u0130N GER\u0130 D\u00d6N\u00dc\u015e\u00dcM!<\/strong><\/h3>\n<h3 style=\"color: #21293c; font-size: 18px; line-height: 27px; font-weight: 400;\"><strong>ULU ULUSLARARASI NAKL\u0130YAT<\/strong>, T\u0131r filosu\u00a0<strong>EURO-5<\/strong> ve <strong>EURO-6<\/strong>\u00a0Ye\u015fil motorlu ara\u00e7lardan olu\u015fmaktad\u0131r. EURO-5 ve EURO-6 motorlu ara\u00e7lar, eski ara\u00e7lara g\u00f6re do\u011faya %30 daha az CO2 salmaktad\u0131r. \u015eirketimiz ve grup \u015firketlerimizde geri d\u00f6n\u00fc\u015f\u00fcm\u00fcn artt\u0131r\u0131lmas\u0131 i\u00e7in, kullan\u0131lan ka\u011f\u0131t, lastik, pil, ak\u00fc, ya\u011f ve benzeri at\u0131klar gibi \u00fcr\u00fcnlerin geri d\u00f6n\u00fc\u015f\u00fcm\u00fcn\u00fcn sa\u011flanmas\u0131 \u00e7al\u0131\u015fmalar\u0131 yap\u0131lmaktad\u0131r.<br \/>\nS\u00fcrekli kurum i\u00e7i e\u011fitimlerle \u00e7al\u0131\u015fanlara geri d\u00f6n\u00fc\u015f\u00fcm\u00fcn \u00f6nemi anlat\u0131lmaktad\u0131r.<\/h3>\n<h3 style=\"color: #21293c; font-size: 18px; line-height: 27px; font-weight: 400;\">* <strong>A\u015fa\u011f\u0131daki ana ba\u015fl\u0131klarda \u00e7evre i\u00e7in geri d\u00f6n\u00fc\u015f\u00fcm \u00e7al\u0131\u015fmalar\u0131 yap\u0131lmaktad\u0131r.<\/strong><br \/>\n* Ka\u011f\u0131t Tasarrufu<br \/>\n* At\u0131k Ya\u011f Y\u00f6netimi<br \/>\n* At\u0131k Pil ve Ak\u00fcm\u00fclator Y\u00f6netimi<br \/>\n* At\u0131k Lastik Y\u00f6netimi<br \/>\n* Elektrik Tasarrufu<br \/>\n* Karbon Sal\u0131n\u0131m\u0131.<\/h3>\n<p>[\/vc_column_text][\/vc_column][vc_column width=&#8221;1\/6&#8243;][vc_single_image image=&#8221;1403&#8243; img_size=&#8221;medium&#8221; alignment=&#8221;center&#8221;][vc_single_image image=&#8221;1404&#8243; img_size=&#8221;medium&#8221; alignment=&#8221;center&#8221;][\/vc_column][\/vc_row][vc_row][vc_column][vc_separator border_width=&#8221;2&#8243;][\/vc_column][\/vc_row]<\/p>\n<\/div>","protected":false},"excerpt":{"rendered":"<p>[vc_row][vc_column][vc_separator border_width=&#8221;2&#8243;][\/vc_column][\/vc_row][vc_row][vc_column width=&#8221;5\/6&#8243;][vc_column_text] YA\u015eANAB\u0130L\u0130R B\u0130R \u00c7EVRE \u0130\u00c7\u0130N GER\u0130 D\u00d6N\u00dc\u015e\u00dcM! ULU ULUSLARARASI NAKL\u0130YAT, T\u0131r filosu\u00a0EURO-5 ve EURO-6\u00a0Ye\u015fil motorlu ara\u00e7lardan olu\u015fmaktad\u0131r. EURO-5 ve EURO-6 motorlu ara\u00e7lar, eski ara\u00e7lara g\u00f6re do\u011faya %30 daha az CO2 salmaktad\u0131r. \u015eirketimiz ve grup \u015firketlerimizde geri d\u00f6n\u00fc\u015f\u00fcm\u00fcn artt\u0131r\u0131lmas\u0131 i\u00e7in, kullan\u0131lan ka\u011f\u0131t, lastik, pil, ak\u00fc, ya\u011f ve benzeri at\u0131klar gibi \u00fcr\u00fcnlerin geri d\u00f6n\u00fc\u015f\u00fcm\u00fcn\u00fcn sa\u011flanmas\u0131 [&hellip;]<\/p>\n","protected":false},"author":1,"featured_media":0,"parent":0,"menu_order":0,"comment_status":"closed","ping_status":"closed","template":"","meta":{"footnotes":""},"class_list":["post-1347","page","type-page","status-publish","hentry"],"_links":{"self":[{"href":"http:\/\/ulunakliyat.com.tr\/index.php\/wp-json\/wp\/v2\/pages\/1347","targetHints":{"allow":["GET"]}}],"collection":[{"href":"http:\/\/ulunakliyat.com.tr\/index.php\/wp-json\/wp\/v2\/pages"}],"about":[{"href":"http:\/\/ulunakliyat.com.tr\/index.php\/wp-json\/wp\/v2\/types\/page"}],"author":[{"embeddable":true,"href":"http:\/\/ulunakliyat.com.tr\/index.php\/wp-json\/wp\/v2\/users\/1"}],"replies":[{"embeddable":true,"href":"http:\/\/ulunakliyat.com.tr\/index.php\/wp-json\/wp\/v2\/comments?post=1347"}],"version-history":[{"count":5,"href":"http:\/\/ulunakliyat.com.tr\/index.php\/wp-json\/wp\/v2\/pages\/1347\/revisions"}],"predecessor-version":[{"id":1402,"href":"http:\/\/ulunakliyat.com.tr\/index.php\/wp-json\/wp\/v2\/pages\/1347\/revisions\/1402"}],"wp:attachment":[{"href":"http:\/\/ulunakliyat.com.tr\/index.php\/wp-json\/wp\/v2\/media?parent=1347"}],"curies":[{"name":"wp","href":"https:\/\/api.w.org\/{rel}","templated":true}]}}